{"id":9,"date":"2017-12-29T16:57:59","date_gmt":"2017-12-29T15:57:59","guid":{"rendered":"http:\/\/wp.buckfast-zucht.de\/?page_id=9"},"modified":"2023-12-19T13:51:24","modified_gmt":"2023-12-19T12:51:24","slug":"kontakt","status":"publish","type":"page","link":"https:\/\/www.buckfast-zucht.de\/en\/kontakt\/","title":{"rendered":"Contact"},"content":{"rendered":"<p><b>Imkerei Dr. Peter St\u00f6fen (BZF)<\/b><br \/>\nMitglied der Buckfast-Zuchtgemeinschaft Friedrichskoog<br \/>\nDr. Peter St\u00f6fen<br \/>\nDonnstr. 8<br \/>\n25704 Elpersb\u00fcttel<\/p>\n<p><strong>Phone<\/strong><br \/>\n0049-(0)178 &#8211; 111 70 04<br \/>\nMo.-Sa., 17.00 &#8211; 19.00 Uhr (only during peak season)<\/p>\n<p><strong>SMS<\/strong><br \/>\n0049-(0)178 &#8211; 111 70 04<\/p>\n<p><strong>Email:<\/strong> info (\u00a0 att\u00a0 ) buckfast-zucht.de<\/p>\n<p><strong>Internet:<\/strong> https:\/\/www.buckfast-zucht.de<\/p>\n<p><strong>Bank:<\/strong><br \/>\nBank: Sparkasse Westholstein<br \/>\nIBAN: DE39 2225 0020 0090 2590 45<br \/>\nBIC: NOLADE21WHO<\/p>\n<p>St.-Nr. 23 223 05624<br \/>\nVAT-Nr.: DE274 294 454<\/p>\n<div role=\"form\" class=\"wpcf7\" id=\"wpcf7-f27-o1\" lang=\"de-DE\" dir=\"ltr\">\n<div class=\"screen-reader-response\"><p role=\"status\" aria-live=\"polite\" aria-atomic=\"true\"><\/p> <ul><\/ul><\/div>\n<form action=\"\/en\/wp-json\/wp\/v2\/pages\/9#wpcf7-f27-o1\" method=\"post\" class=\"wpcf7-form init\" novalidate=\"novalidate\" data-status=\"init\">\n<div style=\"display: none;\">\n<input type=\"hidden\" name=\"_wpcf7\" value=\"27\" \/>\n<input type=\"hidden\" name=\"_wpcf7_version\" value=\"5.6.4\" \/>\n<input type=\"hidden\" name=\"_wpcf7_locale\" value=\"de_DE\" \/>\n<input type=\"hidden\" name=\"_wpcf7_unit_tag\" value=\"wpcf7-f27-o1\" \/>\n<input type=\"hidden\" name=\"_wpcf7_container_post\" value=\"0\" \/>\n<input type=\"hidden\" name=\"_wpcf7_posted_data_hash\" value=\"\" \/>\n<\/div>\n<p><label> Name (mandatory)<br \/>\n    <span class=\"wpcf7-form-control-wrap\" data-name=\"your-name\"><input type=\"text\" name=\"your-name\" value=\"\" size=\"40\" class=\"wpcf7-form-control wpcf7-text wpcf7-validates-as-required\" aria-required=\"true\" aria-invalid=\"false\" \/><\/span> <\/label><\/p>\n<p><label> Mail (mandatory)<br \/>\n    <span class=\"wpcf7-form-control-wrap\" data-name=\"your-email\"><input type=\"email\" name=\"your-email\" value=\"\" size=\"40\" class=\"wpcf7-form-control wpcf7-text wpcf7-email wpcf7-validates-as-required wpcf7-validates-as-email\" aria-required=\"true\" aria-invalid=\"false\" \/><\/span> <\/label><\/p>\n<p><label> Subject<br \/>\n    <span class=\"wpcf7-form-control-wrap\" data-name=\"your-subject\"><input type=\"text\" name=\"your-subject\" value=\"\" size=\"40\" class=\"wpcf7-form-control wpcf7-text\" aria-invalid=\"false\" \/><\/span> <\/label><\/p>\n<p><label> Your Message<br \/>\n    <span class=\"wpcf7-form-control-wrap\" data-name=\"your-message\"><textarea name=\"your-message\" cols=\"40\" rows=\"10\" class=\"wpcf7-form-control wpcf7-textarea\" aria-invalid=\"false\"><\/textarea><\/span> <\/label><\/p>\n<p><input type=\"submit\" value=\"Senden\" class=\"wpcf7-form-control has-spinner wpcf7-submit\" \/><\/p>\n<p style=\"display: none !important;\"><label>&#916;<textarea name=\"_wpcf7_ak_hp_textarea\" cols=\"45\" rows=\"8\" maxlength=\"100\"><\/textarea><\/label><input type=\"hidden\" id=\"ak_js_1\" name=\"_wpcf7_ak_js\" value=\"93\"\/><script>document.getElementById( \"ak_js_1\" ).setAttribute( \"value\", ( new Date() ).getTime() );<\/script><\/p><div class=\"wpcf7-response-output\" aria-hidden=\"true\"><\/div><\/form><\/div>\n","protected":false},"excerpt":{"rendered":"<p>Imkerei Dr. Peter St\u00f6fen (BZF) Mitglied der Buckfast-Zuchtgemeinschaft Friedrichskoog Dr. Peter St\u00f6fen Donnstr. 8 25704 Elpersb\u00fcttel Phone 0049-(0)178 &#8211; 111 70 04 Mo.-Sa., 17.00 &#8211; 19.00 Uhr (only during peak season) SMS 0049-(0)178 &#8211; 111 70 04 Email: info (\u00a0 att\u00a0 ) buckfast-zucht.de Internet: https:\/\/www.buckfast-zucht.de Bank: Bank: Sparkasse Westholstein IBAN: DE39 2225 0020 0090 2590 &hellip; <a href=\"https:\/\/www.buckfast-zucht.de\/en\/kontakt\/\" class=\"more-link\">Continue reading<span class=\"screen-reader-text\"> &#8220;Contact&#8221;<\/span><\/a><\/p>\n","protected":false},"author":1,"featured_media":0,"parent":0,"menu_order":7,"comment_status":"closed","ping_status":"closed","template":"","meta":[],"_links":{"self":[{"href":"https:\/\/www.buckfast-zucht.de\/en\/wp-json\/wp\/v2\/pages\/9"}],"collection":[{"href":"https:\/\/www.buckfast-zucht.de\/en\/wp-json\/wp\/v2\/pages"}],"about":[{"href":"https:\/\/www.buckfast-zucht.de\/en\/wp-json\/wp\/v2\/types\/page"}],"author":[{"embeddable":true,"href":"https:\/\/www.buckfast-zucht.de\/en\/wp-json\/wp\/v2\/users\/1"}],"replies":[{"embeddable":true,"href":"https:\/\/www.buckfast-zucht.de\/en\/wp-json\/wp\/v2\/comments?post=9"}],"version-history":[{"count":12,"href":"https:\/\/www.buckfast-zucht.de\/en\/wp-json\/wp\/v2\/pages\/9\/revisions"}],"predecessor-version":[{"id":891,"href":"https:\/\/www.buckfast-zucht.de\/en\/wp-json\/wp\/v2\/pages\/9\/revisions\/891"}],"wp:attachment":[{"href":"https:\/\/www.buckfast-zucht.de\/en\/wp-json\/wp\/v2\/media?parent=9"}],"curies":[{"name":"wp","href":"https:\/\/api.w.org\/{rel}","templated":true}]}}