{"id":85,"date":"2018-04-16T20:50:25","date_gmt":"2018-04-16T18:50:25","guid":{"rendered":"http:\/\/wp.buckfast-zucht.de\/?page_id=85"},"modified":"2020-03-15T14:27:08","modified_gmt":"2020-03-15T13:27:08","slug":"news","status":"publish","type":"page","link":"https:\/\/www.buckfast-zucht.de\/en\/news\/","title":{"rendered":"News"},"content":{"rendered":"\n<!-- NOTE: If you need to make changes to this file, copy it to your current theme's main\n\tdirectory so your changes won't be overwritten when the plugin is upgraded. -->\n\n<!-- Post Wrap Start-->\n<div class=\"post hentry ivycat-post\">\n\n\t<!-- \tThis outputs the post TITLE -->\n\t<h2 class=\"entry-title\"><a href=\"https:\/\/www.buckfast-zucht.de\/en\/imkermeister\/\">Imkermeister<\/a><\/h2>\n\n\t<!-- \tThis outputs the post EXCERPT.  To display full content including images and html,\n\t\treplace the_excerpt(); with the_content();  below. -->\n\t<div class=\"entry-summary\">\n\t\t<p>Ende April hat unser Dr. Peter St\u00f6fen in Veitsh\u00f6chheim bei Frau Dr. Schaper und bei Herrn. Dr. Berg die Pr\u00fcfung als Imkermeister erfolgreich abgelegt. Damit wird auch nach au\u00dfen dokumentiert, dass die erfolgreiche Zuchtarbeit und der Betrieb der Imkerei auf einem soliden Fundament steht. Zus\u00e4tzlich zu dem Spa\u00df, dem hohen pers\u00f6nlichen Einsatz und dem &#8220;gl\u00fccklichen &hellip; <a href=\"https:\/\/www.buckfast-zucht.de\/en\/imkermeister\/\" class=\"more-link\">Continue reading<span class=\"screen-reader-text\"> &#8220;Imkermeister&#8221;<\/span><\/a><\/p>\n\t<\/div>\n\n\t<!--\tThis outputs the post META information -->\n\t<div class=\"entry-utility\">\n\t\t\t\t\t<span class=\"cat-links\">\n\t\t\t\t<span class=\"entry-utility-prep entry-utility-prep-cat-links\">Posted in<\/span> <a href=\"https:\/\/www.buckfast-zucht.de\/en\/category\/news\/\" rel=\"category tag\">News<\/a>\t\t\t<\/span>\n\t\t\t<span class=\"meta-sep\">|<\/span>\n\t\t\t\t\t\t<span class=\"comments-link\">\n\t\t\t<a href=\"https:\/\/www.buckfast-zucht.de\/en\/imkermeister\/#respond\">Leave a comment<\/a>\t\t<\/span>\n\t\t\t<\/div>\n<\/div>\n<!-- \/\/ Post Wrap End -->\n\n","protected":false},"excerpt":{"rendered":"","protected":false},"author":1,"featured_media":0,"parent":0,"menu_order":9,"comment_status":"closed","ping_status":"closed","template":"","meta":[],"_links":{"self":[{"href":"https:\/\/www.buckfast-zucht.de\/en\/wp-json\/wp\/v2\/pages\/85"}],"collection":[{"href":"https:\/\/www.buckfast-zucht.de\/en\/wp-json\/wp\/v2\/pages"}],"about":[{"href":"https:\/\/www.buckfast-zucht.de\/en\/wp-json\/wp\/v2\/types\/page"}],"author":[{"embeddable":true,"href":"https:\/\/www.buckfast-zucht.de\/en\/wp-json\/wp\/v2\/users\/1"}],"replies":[{"embeddable":true,"href":"https:\/\/www.buckfast-zucht.de\/en\/wp-json\/wp\/v2\/comments?post=85"}],"version-history":[{"count":4,"href":"https:\/\/www.buckfast-zucht.de\/en\/wp-json\/wp\/v2\/pages\/85\/revisions"}],"predecessor-version":[{"id":369,"href":"https:\/\/www.buckfast-zucht.de\/en\/wp-json\/wp\/v2\/pages\/85\/revisions\/369"}],"wp:attachment":[{"href":"https:\/\/www.buckfast-zucht.de\/en\/wp-json\/wp\/v2\/media?parent=85"}],"curies":[{"name":"wp","href":"https:\/\/api.w.org\/{rel}","templated":true}]}}